{"id":282,"date":"2024-06-16T23:26:46","date_gmt":"2024-06-16T23:26:46","guid":{"rendered":"https:\/\/marketingclic.com\/marketingclic\/about\/"},"modified":"2024-06-25T01:09:32","modified_gmt":"2024-06-25T01:09:32","slug":"about","status":"publish","type":"page","link":"https:\/\/marketingclic.com\/marketingclic\/about\/","title":{"rendered":"About"},"content":{"rendered":"\n<div class=\"wp-block-uagb-container uagb-block-94148ffa alignfull uagb-is-root-container\"><div class=\"uagb-container-inner-blocks-wrap\">\n<div class=\"wp-block-uagb-advanced-heading uagb-block-482ce1a0\"><h1 class=\"uagb-heading-text\">Qui\u00e9nes somos<\/h1><div class=\"uagb-separator\"><\/div><\/div>\n<\/div><\/div>\n\n\n\n<div class=\"wp-block-uagb-container uagb-block-9079965e alignfull uagb-is-root-container\"><div class=\"uagb-container-inner-blocks-wrap\">\n<div class=\"wp-block-uagb-info-box uagb-block-c97bace5 uagb-infobox__content-wrap  uagb-infobox-icon-above-title uagb-infobox-image-valign-top wp-block-uagb-info-box--has-margin\"><div class=\"uagb-infobox-margin-wrapper\"><div class=\"uagb-ifb-content\"><div class=\"uagb-ifb-title-wrap\"><h2 class=\"uagb-ifb-title-prefix\">Sobre la empresa<\/h2><div class=\"uagb-ifb-separator\"><\/div><p class=\"uagb-ifb-title\">Expertos en Marketing Digital con enfoque integral.<\/p><\/div><\/div><\/div><\/div>\n\n\n\n<div class=\"wp-block-uagb-container uagb-block-d5e6b2e5\">\n<div class=\"wp-block-uagb-advanced-heading uagb-block-81ce68d0\"><p class=\"uagb-heading-text\">En Marketing Clic nos centramos en imagen corporativa, dise\u00f1o web, redes sociales, publicidad online y email marketing para una gesti\u00f3n eficiente en Internet.<\/p><p class=\"uagb-desc-text\">Transparencia, creatividad y compromiso son nuestros valores fundamentales.<\/p><\/div>\n\n\n\n<div class=\"wp-block-uagb-advanced-heading uagb-block-9e259342\"><p class=\"uagb-heading-text\">Nuestro objetivo es potenciar la presencia online de nuestros clientes a trav\u00e9s de estrategias digitales personalizadas y efectivas.<\/p><p class=\"uagb-desc-text\">Somos el aliado perfecto para el crecimiento virtual de tu negocio.<\/p><\/div>\n<\/div>\n<\/div><\/div>\n\n\n\n<div class=\"wp-block-uagb-container uagb-block-47537c36 alignfull uagb-is-root-container\"><div class=\"uagb-container-inner-blocks-wrap\">\n<div class=\"wp-block-uagb-info-box uagb-block-b33e2b2e uagb-infobox__content-wrap  uagb-infobox-icon-above-title uagb-infobox-image-valign-top wp-block-uagb-info-box--has-margin\"><div class=\"uagb-infobox-margin-wrapper\"><div class=\"uagb-ifb-content\"><div class=\"uagb-ifb-title-wrap\"><h2 class=\"uagb-ifb-title-prefix\">Nuestra historia<\/h2><div class=\"uagb-ifb-separator\"><\/div><p class=\"uagb-ifb-title\">Trayectoria de Marketing Clic<\/p><\/div><p class=\"uagb-ifb-desc\">Marketing Clic nace con la visi\u00f3n de revolucionar la forma en que las empresas se conectan con su audiencia digital. Con m\u00e1s de 10 a\u00f1os de experiencia, hemos logrado posicionar marcas y hacer crecer negocios a trav\u00e9s de estrategias innovadoras y resultados tangibles.<\/p><\/div><\/div><\/div>\n<\/div><\/div>\n\n\n\n<div class=\"wp-block-uagb-container uagb-block-fbc31bae alignfull uagb-is-root-container\"><div class=\"uagb-container-inner-blocks-wrap\"><\/div><\/div>\n\n\n\n<div class=\"wp-block-uagb-container uagb-block-381422f4 alignfull uagb-is-root-container\"><div class=\"uagb-container-inner-blocks-wrap\">\n<div class=\"wp-block-uagb-info-box uagb-block-fa702b80 uagb-infobox__content-wrap  uagb-infobox-icon-above-title uagb-infobox-image-valign-top wp-block-uagb-info-box--has-margin\"><div class=\"uagb-infobox-margin-wrapper\"><div class=\"uagb-ifb-content\"><div class=\"uagb-ifb-title-wrap\"><div class=\"uagb-ifb-separator\"><\/div><h2 class=\"uagb-ifb-title\">Potencia tu presencia online con Marketing Clic<\/h2><\/div><p class=\"uagb-ifb-desc\">Cont\u00e1ctanos hoy y descubre c\u00f3mo podemos ayudarte a alcanzar el \u00e9xito en el mundo digital.<\/p><div class=\"uagb-ifb-button-wrapper wp-block-button\"><a href=\"\/contact\/\" class=\"uagb-infobox-cta-link wp-block-button__link\" target=\"_self\" rel=\"noopener noreferrer\" onclick=\"return true;\" alt=\"\"><span class=\"uagb-inline-editing\">Descubre m\u00e1s<\/span><\/a><\/div><\/div><\/div><\/div>\n<\/div><\/div>\n","protected":false},"excerpt":{"rendered":"<p>Qui\u00e9nes somos En Marketing Clic nos centramos en imagen corporativa, dise\u00f1o web, redes sociales, publicidad online y email marketing para una gesti\u00f3n eficiente en Internet. Transparencia, creatividad y compromiso son nuestros valores fundamentales. Nuestro objetivo es potenciar la presencia online de nuestros clientes a trav\u00e9s de estrategias digitales personalizadas y efectivas. Somos el aliado perfecto [&hellip;]<\/p>\n","protected":false},"author":1,"featured_media":0,"parent":0,"menu_order":0,"comment_status":"closed","ping_status":"closed","template":"","meta":{"_uag_custom_page_level_css":"","site-sidebar-layout":"default","site-content-layout":"","ast-site-content-layout":"default","site-content-style":"default","site-sidebar-style":"default","ast-global-header-display":"","ast-banner-title-visibility":"","ast-main-header-display":"","ast-hfb-above-header-display":"","ast-hfb-below-header-display":"","ast-hfb-mobile-header-display":"","site-post-title":"disabled","ast-breadcrumbs-content":"","ast-featured-img":"","footer-sml-layout":"","ast-disable-related-posts":"","theme-transparent-header-meta":"","adv-header-id-meta":"","stick-header-meta":"","header-above-stick-meta":"","header-main-stick-meta":"","header-below-stick-meta":"","astra-migrate-meta-layouts":"default","ast-page-background-enabled":"default","ast-page-background-meta":{"desktop":{"background-color":"var(--ast-global-color-4)","background-image":"","background-repeat":"repeat","background-position":"center center","background-size":"auto","background-attachment":"scroll","background-type":"","background-media":"","overlay-type":"","overlay-color":"","overlay-opacity":"","overlay-gradient":""},"tablet":{"background-color":"","background-image":"","background-repeat":"repeat","background-position":"center center","background-size":"auto","background-attachment":"scroll","background-type":"","background-media":"","overlay-type":"","overlay-color":"","overlay-opacity":"","overlay-gradient":""},"mobile":{"background-color":"","background-image":"","background-repeat":"repeat","background-position":"center center","background-size":"auto","background-attachment":"scroll","background-type":"","background-media":"","overlay-type":"","overlay-color":"","overlay-opacity":"","overlay-gradient":""}},"ast-content-background-meta":{"desktop":{"background-color":"var(--ast-global-color-5)","background-image":"","background-repeat":"repeat","background-position":"center center","background-size":"auto","background-attachment":"scroll","background-type":"","background-media":"","overlay-type":"","overlay-color":"","overlay-opacity":"","overlay-gradient":""},"tablet":{"background-color":"var(--ast-global-color-5)","background-image":"","background-repeat":"repeat","background-position":"center center","background-size":"auto","background-attachment":"scroll","background-type":"","background-media":"","overlay-type":"","overlay-color":"","overlay-opacity":"","overlay-gradient":""},"mobile":{"background-color":"var(--ast-global-color-5)","background-image":"","background-repeat":"repeat","background-position":"center center","background-size":"auto","background-attachment":"scroll","background-type":"","background-media":"","overlay-type":"","overlay-color":"","overlay-opacity":"","overlay-gradient":""}},"footnotes":""},"class_list":["post-282","page","type-page","status-publish","hentry"],"uagb_featured_image_src":{"full":false,"thumbnail":false,"medium":false,"medium_large":false,"large":false,"1536x1536":false,"2048x2048":false},"uagb_author_info":{"display_name":"mclic","author_link":"https:\/\/marketingclic.com\/marketingclic\/author\/mclic\/"},"uagb_comment_info":0,"uagb_excerpt":"Qui\u00e9nes somos En Marketing Clic nos centramos en imagen corporativa, dise\u00f1o web, redes sociales, publicidad online y email marketing para una gesti\u00f3n eficiente en Internet. Transparencia, creatividad y compromiso son nuestros valores fundamentales. Nuestro objetivo es potenciar la presencia online de nuestros clientes a trav\u00e9s de estrategias digitales personalizadas y efectivas. Somos el aliado perfecto&hellip;","_links":{"self":[{"href":"https:\/\/marketingclic.com\/marketingclic\/wp-json\/wp\/v2\/pages\/282","targetHints":{"allow":["GET"]}}],"collection":[{"href":"https:\/\/marketingclic.com\/marketingclic\/wp-json\/wp\/v2\/pages"}],"about":[{"href":"https:\/\/marketingclic.com\/marketingclic\/wp-json\/wp\/v2\/types\/page"}],"author":[{"embeddable":true,"href":"https:\/\/marketingclic.com\/marketingclic\/wp-json\/wp\/v2\/users\/1"}],"replies":[{"embeddable":true,"href":"https:\/\/marketingclic.com\/marketingclic\/wp-json\/wp\/v2\/comments?post=282"}],"version-history":[{"count":3,"href":"https:\/\/marketingclic.com\/marketingclic\/wp-json\/wp\/v2\/pages\/282\/revisions"}],"predecessor-version":[{"id":390,"href":"https:\/\/marketingclic.com\/marketingclic\/wp-json\/wp\/v2\/pages\/282\/revisions\/390"}],"wp:attachment":[{"href":"https:\/\/marketingclic.com\/marketingclic\/wp-json\/wp\/v2\/media?parent=282"}],"curies":[{"name":"wp","href":"https:\/\/api.w.org\/{rel}","templated":true}]}}